{"id":114,"date":"2017-04-04T18:37:32","date_gmt":"2017-04-04T16:37:32","guid":{"rendered":"http:\/\/www.dr-carsten-mueller.de\/?page_id=114"},"modified":"2017-04-06T16:44:08","modified_gmt":"2017-04-06T14:44:08","slug":"musik","status":"publish","type":"page","link":"https:\/\/www.dr-carsten-mueller.de\/index.php\/musik\/","title":{"rendered":"Musik"},"content":{"rendered":"<h2 style=\"text-align: center;\">Carsten M\u00fcller macht Musik mit dem Duo <a href=\"http:\/\/www.suessholz-dulcimer.de\/\">S\u00fc\u00dfholz bzw. Halfkann &amp; M\u00fcller<\/a><\/h2>\n<p style=\"text-align: center;\">\n<p style=\"text-align: center;\">&#8230; Folk (hier beim TFF in Rudolstadt)<\/p>\n<h2 style=\"text-align: center;\"><img decoding=\"async\" loading=\"lazy\" class=\"size-medium wp-image-121 aligncenter\" src=\"http:\/\/www.dr-carsten-mueller.de\/wp-content\/uploads\/2017\/04\/musik01-300x225.jpg\" alt=\"\" width=\"300\" height=\"225\" srcset=\"https:\/\/www.dr-carsten-mueller.de\/wp-content\/uploads\/2017\/04\/musik01-300x225.jpg 300w, https:\/\/www.dr-carsten-mueller.de\/wp-content\/uploads\/2017\/04\/musik01-400x300.jpg 400w, https:\/\/www.dr-carsten-mueller.de\/wp-content\/uploads\/2017\/04\/musik01.jpg 500w\" sizes=\"(max-width: 300px) 100vw, 300px\" \/><\/h2>\n<p style=\"text-align: center;\">&#8230; Mittelaltermusik (hier im Landesmuseum Bonn)<\/p>\n<p><img decoding=\"async\" loading=\"lazy\" class=\"size-medium wp-image-122 aligncenter\" src=\"http:\/\/www.dr-carsten-mueller.de\/wp-content\/uploads\/2017\/04\/musik02-300x225.jpg\" alt=\"\" width=\"300\" height=\"225\" srcset=\"https:\/\/www.dr-carsten-mueller.de\/wp-content\/uploads\/2017\/04\/musik02-300x225.jpg 300w, https:\/\/www.dr-carsten-mueller.de\/wp-content\/uploads\/2017\/04\/musik02-400x300.jpg 400w, https:\/\/www.dr-carsten-mueller.de\/wp-content\/uploads\/2017\/04\/musik02.jpg 500w\" sizes=\"(max-width: 300px) 100vw, 300px\" \/><\/p>\n<h2 style=\"text-align: left;\"><\/h2>\n<p style=\"text-align: center;\">&#8230; und als Blues-Combo elektrisch verst\u00e4rkt.<\/p>\n<p><img decoding=\"async\" loading=\"lazy\" class=\"size-medium wp-image-123 aligncenter\" src=\"http:\/\/www.dr-carsten-mueller.de\/wp-content\/uploads\/2017\/04\/musik03-300x225.jpg\" alt=\"\" width=\"300\" height=\"225\" srcset=\"https:\/\/www.dr-carsten-mueller.de\/wp-content\/uploads\/2017\/04\/musik03-300x225.jpg 300w, https:\/\/www.dr-carsten-mueller.de\/wp-content\/uploads\/2017\/04\/musik03-400x300.jpg 400w, https:\/\/www.dr-carsten-mueller.de\/wp-content\/uploads\/2017\/04\/musik03.jpg 500w\" sizes=\"(max-width: 300px) 100vw, 300px\" \/><\/p>\n<h2 style=\"text-align: center;\"><\/h2>\n","protected":false},"excerpt":{"rendered":"<p>Carsten M\u00fcller macht Musik mit dem Duo S\u00fc\u00dfholz bzw. Halfkann &amp; M\u00fcller &#8230; Folk (hier beim TFF in Rudolstadt) &#8230; Mittelaltermusik (hier im Landesmuseum Bonn) &#8230; und als Blues-Combo elektrisch verst\u00e4rkt.<\/p>\n","protected":false},"author":1,"featured_media":0,"parent":0,"menu_order":0,"comment_status":"closed","ping_status":"closed","template":"","meta":[],"_links":{"self":[{"href":"https:\/\/www.dr-carsten-mueller.de\/index.php\/wp-json\/wp\/v2\/pages\/114"}],"collection":[{"href":"https:\/\/www.dr-carsten-mueller.de\/index.php\/wp-json\/wp\/v2\/pages"}],"about":[{"href":"https:\/\/www.dr-carsten-mueller.de\/index.php\/wp-json\/wp\/v2\/types\/page"}],"author":[{"embeddable":true,"href":"https:\/\/www.dr-carsten-mueller.de\/index.php\/wp-json\/wp\/v2\/users\/1"}],"replies":[{"embeddable":true,"href":"https:\/\/www.dr-carsten-mueller.de\/index.php\/wp-json\/wp\/v2\/comments?post=114"}],"version-history":[{"count":7,"href":"https:\/\/www.dr-carsten-mueller.de\/index.php\/wp-json\/wp\/v2\/pages\/114\/revisions"}],"predecessor-version":[{"id":148,"href":"https:\/\/www.dr-carsten-mueller.de\/index.php\/wp-json\/wp\/v2\/pages\/114\/revisions\/148"}],"wp:attachment":[{"href":"https:\/\/www.dr-carsten-mueller.de\/index.php\/wp-json\/wp\/v2\/media?parent=114"}],"curies":[{"name":"wp","href":"https:\/\/api.w.org\/{rel}","templated":true}]}}