{"id":36,"date":"2017-03-22T17:48:52","date_gmt":"2017-03-22T16:48:52","guid":{"rendered":"http:\/\/www.dr-carsten-mueller.de\/?page_id=36"},"modified":"2026-02-20T12:46:40","modified_gmt":"2026-02-20T11:46:40","slug":"forschung","status":"publish","type":"page","link":"https:\/\/www.dr-carsten-mueller.de\/index.php\/forschung\/","title":{"rendered":"Projekte und Forschung"},"content":{"rendered":"<p><em>Stand 20.02.2026<\/em><\/p>\n<h1>Laufende Forschung und Projekte<\/h1>\n<ul>\n<li>(fortlaufend) Anlage eines Archives (mit Findebuch) der Geschichte des Fachbereiches Sozialwesen an der Fachhochschule Ostfriesland (mit Fokus auf die Gr\u00fcndungsjahre)<\/li>\n<li>(weiterlaufend) Organizing des \u00bbAktionsb\u00fcndnis Besser Wohnen in Emden\u00ab<\/li>\n<li>(weiterlaufend) \u00bbEin Bauwagen f\u00fcr den Campus\u00ab &#8211; Organizing eines selbstverwalteten Treffpunktes f\u00fcr Hochschulangeh\u00f6rige<\/li>\n<li>(weiterlaufend) Unterst\u00fctzung des dgb-campusoffice<\/li>\n<li>(fortlaufend) Organizing der AG Gegen Rechts an der Hochschule Emden\/Leer<\/li>\n<\/ul>\n<h1>Abgeschlossene Forschung\u00a0und Projekte<\/h1>\n<ul>\n<li>(2023) Zum Verh\u00e4ltnis von Sozialp\u00e4dagogik und Sozialismus &#8211; am Beispiel der Auseinandersetzung des Schweizer Sozialp\u00e4dagogen Robert Seidel (Arbeitsschule) mit Karl Kautsky (Forschungssemester)<\/li>\n<li>(2022) Erforschung des Gr\u00fcndungsmythos &#8222;Roter Fleck auf gr\u00fcner Wiese&#8220; des Fachbereiches Sozialwesen in den Jahren 1973-76 (hochschulinterne F\u00f6rderung)<\/li>\n<li>(2021) Wohnungslosigkeit in Grafic Novel und Comic (hochschulinterne F\u00f6rderung)<\/li>\n<li>(2019-20) Zwischen Links und Rechts &#8211; Karl Magers Position im und zum Linkshegelianismus (Teil des Forschungssemesters; hochschulintere F\u00f6rderung)<\/li>\n<li>(2018) Stimmen zum Community Organizing in den USA (Forschungsreise; Teil eines Forschungssemesters)<\/li>\n<li>(2018) Planung und Organisation von Veranstaltungen zu 100-Jahre Novemberrevolution 1918 in Emden, u.a. Kunstprojekt &#8222;Emden unter der roten Fahne&#8220; mit Ausstellung im Ostfriesischen Landesmuseum (Teil des Forschungssemsters; Eigenmittel und div. F\u00f6rderer u.a. DGB Ostfriesland, GEW KV Emden)<\/li>\n<li>(2017) Darstellung von Randgruppen, Armut und Armenwesen im Comic und in der Graphic Novel anhand der Comicserie \u201eDie T\u00fcrme von Bos-Maury\u201c von H. Huppen (hochschulinterne F\u00f6rderung)<\/li>\n<li>(2016-17) Bildhermeneutische Erforschung des Gem\u00e4ldes \u201eArbeiter vor dem Magistrat\u201c (1849-50) von J. P. Hasenclever im Kontext einer kritischen Historiografie Sozialer Arbeit (hochschulinterne F\u00f6rderung)<\/li>\n<li>(2016-17) Erstellung einer Wanderausstellung zum Thema &#8222;Der Mensch ist keine Ware&#8220; in Kooperation mit attac, UFo, Bielefelder Apell, Soltauer Initiative usw. (div. finanzielle F\u00f6rderer, u.a. GEW KV Emden, Attac Deutschland, Stiftung Mensch und Arbeit)<\/li>\n<li>(2015) Wissenschaftliche Begleitforschung zur Erstellung eines Handlungsleitfadens f\u00fcr die Arbeit mit jungen Wohnungslosen (U25) in der Stadt Emden (bezahlt von der Stadt Emden)<\/li>\n<li>(2014-15) Historiografische Erforschung des Salutogenesemodells von Aaron Antonovsky. Erstellung einer Diskusskizze (hochschulinterne F\u00f6rderung)<\/li>\n<li>(2014) Sammeln, Clustern und Vorbereitung einer inhaltsanalytischen Auswertung von politischen Flugbl\u00e4ttern\/Schriften aus der Gr\u00fcndungszeit der Fachhochschule Ostfriesland (hochschulinterne F\u00f6rderung)<\/li>\n<li>(2012) Die politische Bestimmung der Bedeutung des Begriffs \u00bbSocial-P\u00e4dagogik\u00ab bei Mager 1844 anhand eines Streites zwischen Lehrern\/politischen Fl\u00fcchtlingen an der Kantonsschule Aarau (CH) in den Jahren 1842-1844 (Forschungssemester)<\/li>\n<li>(2007) Sozialp\u00e4dagogik und Herbartianismus. Ein vergessener Zusammenhang (mit Prof. Dr. Bernd Dollinger und Prof. Dr. Wolfgang Schr\u00f6er \u2013 gef\u00f6rdert durch die DFG)<\/li>\n<li>(2007) Evaluation von Community-Organizing-Projekten in Deutschland (mit Prof. Dr. Timm Kunstreich und Dr. Peter Szynka; gef\u00f6rdert durch die Gl\u00fcckspirale)<\/li>\n<\/ul>\n","protected":false},"excerpt":{"rendered":"<p>Stand 20.02.2026 Laufende Forschung und Projekte (fortlaufend) Anlage eines Archives (mit Findebuch) der Geschichte des Fachbereiches Sozialwesen an der Fachhochschule Ostfriesland (mit Fokus auf die Gr\u00fcndungsjahre) (weiterlaufend) Organizing des \u00bbAktionsb\u00fcndnis Besser Wohnen in Emden\u00ab (weiterlaufend) \u00bbEin Bauwagen f\u00fcr den Campus\u00ab &hellip; <a href=\"https:\/\/www.dr-carsten-mueller.de\/index.php\/forschung\/\">Weiterlesen <span class=\"meta-nav\">&rarr;<\/span><\/a><\/p>\n","protected":false},"author":1,"featured_media":0,"parent":0,"menu_order":0,"comment_status":"closed","ping_status":"closed","template":"","meta":[],"_links":{"self":[{"href":"https:\/\/www.dr-carsten-mueller.de\/index.php\/wp-json\/wp\/v2\/pages\/36"}],"collection":[{"href":"https:\/\/www.dr-carsten-mueller.de\/index.php\/wp-json\/wp\/v2\/pages"}],"about":[{"href":"https:\/\/www.dr-carsten-mueller.de\/index.php\/wp-json\/wp\/v2\/types\/page"}],"author":[{"embeddable":true,"href":"https:\/\/www.dr-carsten-mueller.de\/index.php\/wp-json\/wp\/v2\/users\/1"}],"replies":[{"embeddable":true,"href":"https:\/\/www.dr-carsten-mueller.de\/index.php\/wp-json\/wp\/v2\/comments?post=36"}],"version-history":[{"count":19,"href":"https:\/\/www.dr-carsten-mueller.de\/index.php\/wp-json\/wp\/v2\/pages\/36\/revisions"}],"predecessor-version":[{"id":354,"href":"https:\/\/www.dr-carsten-mueller.de\/index.php\/wp-json\/wp\/v2\/pages\/36\/revisions\/354"}],"wp:attachment":[{"href":"https:\/\/www.dr-carsten-mueller.de\/index.php\/wp-json\/wp\/v2\/media?parent=36"}],"curies":[{"name":"wp","href":"https:\/\/api.w.org\/{rel}","templated":true}]}}