{"id":51,"date":"2017-03-22T18:34:06","date_gmt":"2017-03-22T17:34:06","guid":{"rendered":"http:\/\/www.dr-carsten-mueller.de\/?page_id=51"},"modified":"2026-02-20T13:08:01","modified_gmt":"2026-02-20T12:08:01","slug":"impressum","status":"publish","type":"page","link":"https:\/\/www.dr-carsten-mueller.de\/index.php\/impressum\/","title":{"rendered":"Impressum"},"content":{"rendered":"<p>Verantwortlich f\u00fcr den Inhalt:<br \/>\nCarsten M\u00fcller<br \/>\nHochschule Emden\/Leer<br \/>\nConstantiaplatz 4<br \/>\n26723 Emden<br \/>\nTelefon: 04921-807-1237<br \/>\nE-Mail: <a href=\"mailto:carsten.mueller@hs-emden-leer.de\">carsten.mueller@hs-emden-leer.de<\/a><\/p>\n<p>Die\u00a0Portraitzeichnung auf der Startseite stammt von<a href=\"https:\/\/ansgarlorenz.de\/\"> Ansgar Lorenz<\/a>.<\/p>\n<p>Technische Umsetzung: Ansgar Halfkann<\/p>\n<p>Haftungshinweis:<br \/>\nTrotz sorgf\u00e4ltiger inhaltlicher Kontrolle \u00fcbernehmen wir keine Haftung f\u00fcr die Inhalte externer Links. F\u00fcr den Inhalt der verlinkten Seiten sind ausschlie\u00dflich deren Betreiber verantwortlich.<\/p>\n","protected":false},"excerpt":{"rendered":"<p>Verantwortlich f\u00fcr den Inhalt: Carsten M\u00fcller Hochschule Emden\/Leer Constantiaplatz 4 26723 Emden Telefon: 04921-807-1237 E-Mail: carsten.mueller@hs-emden-leer.de Die\u00a0Portraitzeichnung auf der Startseite stammt von Ansgar Lorenz. Technische Umsetzung: Ansgar Halfkann Haftungshinweis: Trotz sorgf\u00e4ltiger inhaltlicher Kontrolle \u00fcbernehmen wir keine Haftung f\u00fcr die Inhalte &hellip; <a href=\"https:\/\/www.dr-carsten-mueller.de\/index.php\/impressum\/\">Weiterlesen <span class=\"meta-nav\">&rarr;<\/span><\/a><\/p>\n","protected":false},"author":1,"featured_media":0,"parent":0,"menu_order":0,"comment_status":"closed","ping_status":"closed","template":"","meta":[],"_links":{"self":[{"href":"https:\/\/www.dr-carsten-mueller.de\/index.php\/wp-json\/wp\/v2\/pages\/51"}],"collection":[{"href":"https:\/\/www.dr-carsten-mueller.de\/index.php\/wp-json\/wp\/v2\/pages"}],"about":[{"href":"https:\/\/www.dr-carsten-mueller.de\/index.php\/wp-json\/wp\/v2\/types\/page"}],"author":[{"embeddable":true,"href":"https:\/\/www.dr-carsten-mueller.de\/index.php\/wp-json\/wp\/v2\/users\/1"}],"replies":[{"embeddable":true,"href":"https:\/\/www.dr-carsten-mueller.de\/index.php\/wp-json\/wp\/v2\/comments?post=51"}],"version-history":[{"count":8,"href":"https:\/\/www.dr-carsten-mueller.de\/index.php\/wp-json\/wp\/v2\/pages\/51\/revisions"}],"predecessor-version":[{"id":359,"href":"https:\/\/www.dr-carsten-mueller.de\/index.php\/wp-json\/wp\/v2\/pages\/51\/revisions\/359"}],"wp:attachment":[{"href":"https:\/\/www.dr-carsten-mueller.de\/index.php\/wp-json\/wp\/v2\/media?parent=51"}],"curies":[{"name":"wp","href":"https:\/\/api.w.org\/{rel}","templated":true}]}}